{"id":530,"date":"2023-08-18T07:41:46","date_gmt":"2023-08-18T07:41:46","guid":{"rendered":"https:\/\/brazil.vallourec.com\/pessoas\/"},"modified":"2025-04-29T11:59:13","modified_gmt":"2025-04-29T11:59:13","slug":"people","status":"publish","type":"page","link":"https:\/\/brazil.vallourec.com\/en\/people\/","title":{"rendered":"People"},"content":{"rendered":"\t\t<div data-elementor-type=\"wp-page\" data-elementor-id=\"530\" class=\"elementor elementor-530 elementor-136\">\n\t\t\t\t\t\t<section class=\"elementor-section elementor-top-section elementor-element elementor-element-ade659e elementor-section-full_width elementor-section-height-default elementor-section-height-default\" data-id=\"ade659e\" data-element_type=\"section\" data-e-type=\"section\">\n\t\t\t\t\t\t<div class=\"elementor-container elementor-column-gap-no\">\n\t\t\t\t\t<div class=\"elementor-column elementor-col-100 elementor-top-column elementor-element elementor-element-ca310cd\" data-id=\"ca310cd\" data-element_type=\"column\" data-e-type=\"column\">\n\t\t\t<div class=\"elementor-widget-wrap elementor-element-populated\">\n\t\t\t\t\t\t<div class=\"elementor-element elementor-element-9c19046 elementor-widget elementor-widget-title\" data-id=\"9c19046\" data-element_type=\"widget\" data-e-type=\"widget\" data-widget_type=\"title.default\">\n\t\t\t\t<div class=\"elementor-widget-container\">\n\t\t\t\t\t<div>\n      <div class=\"block mb-[3rem] md:mb-none md:flex relative\">\n      <h2 class=\"w-fit title-h2 pb-2 md:pb-0 \">Work with us<\/h2>\n      <div class=\"title-divider ml-0 mr-0 md:ml-3 self-center\"><\/div>\n      <p class=\"title-anchor -bottom-[2rem] md:bottom-[50%] right-0 \" id=\"\">Work with us<\/p>\n    <\/div>\n  <\/div>\n\t\t\t\t<\/div>\n\t\t\t\t<\/div>\n\t\t\t\t<div class=\"elementor-element elementor-element-4c890c7 elementor-widget elementor-widget-text-editor\" data-id=\"4c890c7\" data-element_type=\"widget\" data-e-type=\"widget\" data-widget_type=\"text-editor.default\">\n\t\t\t\t<div class=\"elementor-widget-container\">\n\t\t\t\t\t\t\t\t\t<p>\u00a0<\/p><p><strong>Why work at Vallourec?<br \/><\/strong><br \/>Working for us means being a part of the Vallourec group a world leader in Premium Tubular Solution. It means broadening your horizons to global performance and working in an honest and cooperative environment.<\/p><p><strong><br \/>O que esperar?<\/strong><\/p><ul><li>Ambiente de trabalho saud\u00e1vel, que estimula o companheirismo e a troca de conhecimentos. &#8211;<\/li><li>Avalia\u00e7\u00f5es regulares de desempenho e adequa\u00e7\u00e3o \u00e0s fun\u00e7\u00f5es.<\/li><li>Desafios constantes para o aprimoramento de habilidades.<\/li><li>Programas de treinamentos para a forma\u00e7\u00e3o das necessidades da fun\u00e7\u00e3o.<\/li><li>Remunera\u00e7\u00e3o e benef\u00edcios justos e transparentes.<\/li><li>Participa\u00e7\u00e3o nos Lucros e Resultados.<\/li><\/ul><p><strong><br \/>Como se candidatar?<\/strong><br \/>As empresas Vallourec no Brasil recrutam continuamente novos empregados e estagi\u00e1rios de acordo com as demandas das \u00e1reas. Os interessados podem fazer o cadastro dos curr\u00edculos no formul\u00e1rio padr\u00e3o, consultar e candidatar-se a todas as vagas abertas na Empresa pelo site\u00a0<a href=\"https:\/\/brazil.vallourec.com\/en\/people\/\">Vagas.com<\/a>.<\/p>\t\t\t\t\t\t\t\t<\/div>\n\t\t\t\t<\/div>\n\t\t\t\t<div class=\"elementor-element elementor-element-75de70d elementor-widget elementor-widget-button\" data-id=\"75de70d\" data-element_type=\"widget\" data-e-type=\"widget\" data-widget_type=\"button.default\">\n\t\t\t\t<div class=\"elementor-widget-container\">\n\t\t\t\t\t<div class=\"text-left\">\n      <a class=\"no-underline\" href=\"https:\/\/www.vallourec.com\/contact-us\/\" target=\"_blank\">\n      <button class=\"btn btn-primary my-1\">\n        <span class=\"pr-3 \"><\/span>        Join us\n      <\/button>\n    <\/a>\n  <\/div>\n\t\t\t\t<\/div>\n\t\t\t\t<\/div>\n\t\t\t\t\t<\/div>\n\t\t<\/div>\n\t\t\t\t\t<\/div>\n\t\t<\/section>\n\t\t\t\t<\/div>\n\t\t","protected":false},"excerpt":{"rendered":"","protected":false},"author":1,"featured_media":0,"parent":0,"menu_order":0,"comment_status":"closed","ping_status":"closed","template":"","meta":{"_acf_changed":false,"footnotes":""},"class_list":["post-530","page","type-page","status-publish","hentry"],"acf":[],"yoast_head":"<title>People - Brazil<\/title>\n<meta name=\"description\" content=\"Working for us means being a part of the Vallourec group a world leader in Premium Tubular Solution. It means broadening your horizons to global performance and working in an honest and cooperative environment.\" \/>\n<meta name=\"robots\" content=\"index, follow, max-snippet:-1, max-image-preview:large, max-video-preview:-1\" \/>\n<link rel=\"canonical\" href=\"https:\/\/brazil.vallourec.com\/en\/people\/\" \/>\n<meta property=\"og:locale\" content=\"en_US\" \/>\n<meta property=\"og:type\" content=\"article\" \/>\n<meta property=\"og:title\" content=\"People - Brazil\" \/>\n<meta property=\"og:description\" content=\"Working for us means being a part of the Vallourec group a world leader in Premium Tubular Solution. It means broadening your horizons to global performance and working in an honest and cooperative environment.\" \/>\n<meta property=\"og:url\" content=\"https:\/\/brazil.vallourec.com\/en\/people\/\" \/>\n<meta property=\"og:site_name\" content=\"Brazil\" \/>\n<meta property=\"article:modified_time\" content=\"2025-04-29T11:59:13+00:00\" \/>\n<meta name=\"twitter:card\" content=\"summary_large_image\" \/>\n<meta name=\"twitter:label1\" content=\"Est. reading time\" \/>\n\t<meta name=\"twitter:data1\" content=\"1 minute\" \/>\n<script type=\"application\/ld+json\" class=\"yoast-schema-graph\">{\"@context\":\"https:\/\/schema.org\",\"@graph\":[{\"@type\":\"WebPage\",\"@id\":\"https:\/\/brazil.vallourec.com\/en\/people\/\",\"url\":\"https:\/\/brazil.vallourec.com\/en\/people\/\",\"name\":\"People - Brazil\",\"isPartOf\":{\"@id\":\"https:\/\/brazil.vallourec.com\/en\/#website\"},\"datePublished\":\"2023-08-18T07:41:46+00:00\",\"dateModified\":\"2025-04-29T11:59:13+00:00\",\"description\":\"Working for us means being a part of the Vallourec group a world leader in Premium Tubular Solution. It means broadening your horizons to global performance and working in an honest and cooperative environment.\",\"inLanguage\":\"en-US\",\"potentialAction\":[{\"@type\":\"ReadAction\",\"target\":[\"https:\/\/brazil.vallourec.com\/en\/people\/\"]}]},{\"@type\":\"WebSite\",\"@id\":\"https:\/\/brazil.vallourec.com\/en\/#website\",\"url\":\"https:\/\/brazil.vallourec.com\/en\/\",\"name\":\"Brazil\",\"description\":\"\",\"potentialAction\":[{\"@type\":\"SearchAction\",\"target\":{\"@type\":\"EntryPoint\",\"urlTemplate\":\"https:\/\/brazil.vallourec.com\/en\/?s={search_term_string}\"},\"query-input\":{\"@type\":\"PropertyValueSpecification\",\"valueRequired\":true,\"valueName\":\"search_term_string\"}}],\"inLanguage\":\"en-US\"}]}<\/script>","yoast_head_json":{"title":"People - Brazil","description":"Working for us means being a part of the Vallourec group a world leader in Premium Tubular Solution. It means broadening your horizons to global performance and working in an honest and cooperative environment.","robots":{"index":"index","follow":"follow","max-snippet":"max-snippet:-1","max-image-preview":"max-image-preview:large","max-video-preview":"max-video-preview:-1"},"canonical":"https:\/\/brazil.vallourec.com\/en\/people\/","og_locale":"en_US","og_type":"article","og_title":"People - Brazil","og_description":"Working for us means being a part of the Vallourec group a world leader in Premium Tubular Solution. It means broadening your horizons to global performance and working in an honest and cooperative environment.","og_url":"https:\/\/brazil.vallourec.com\/en\/people\/","og_site_name":"Brazil","article_modified_time":"2025-04-29T11:59:13+00:00","twitter_card":"summary_large_image","twitter_misc":{"Est. reading time":"1 minute"},"schema":{"@context":"https:\/\/schema.org","@graph":[{"@type":"WebPage","@id":"https:\/\/brazil.vallourec.com\/en\/people\/","url":"https:\/\/brazil.vallourec.com\/en\/people\/","name":"People - Brazil","isPartOf":{"@id":"https:\/\/brazil.vallourec.com\/en\/#website"},"datePublished":"2023-08-18T07:41:46+00:00","dateModified":"2025-04-29T11:59:13+00:00","description":"Working for us means being a part of the Vallourec group a world leader in Premium Tubular Solution. It means broadening your horizons to global performance and working in an honest and cooperative environment.","inLanguage":"en-US","potentialAction":[{"@type":"ReadAction","target":["https:\/\/brazil.vallourec.com\/en\/people\/"]}]},{"@type":"WebSite","@id":"https:\/\/brazil.vallourec.com\/en\/#website","url":"https:\/\/brazil.vallourec.com\/en\/","name":"Brazil","description":"","potentialAction":[{"@type":"SearchAction","target":{"@type":"EntryPoint","urlTemplate":"https:\/\/brazil.vallourec.com\/en\/?s={search_term_string}"},"query-input":{"@type":"PropertyValueSpecification","valueRequired":true,"valueName":"search_term_string"}}],"inLanguage":"en-US"}]}},"_links":{"self":[{"href":"https:\/\/brazil.vallourec.com\/en\/wp-json\/wp\/v2\/pages\/530","targetHints":{"allow":["GET"]}}],"collection":[{"href":"https:\/\/brazil.vallourec.com\/en\/wp-json\/wp\/v2\/pages"}],"about":[{"href":"https:\/\/brazil.vallourec.com\/en\/wp-json\/wp\/v2\/types\/page"}],"author":[{"embeddable":true,"href":"https:\/\/brazil.vallourec.com\/en\/wp-json\/wp\/v2\/users\/1"}],"replies":[{"embeddable":true,"href":"https:\/\/brazil.vallourec.com\/en\/wp-json\/wp\/v2\/comments?post=530"}],"version-history":[{"count":7,"href":"https:\/\/brazil.vallourec.com\/en\/wp-json\/wp\/v2\/pages\/530\/revisions"}],"predecessor-version":[{"id":3380,"href":"https:\/\/brazil.vallourec.com\/en\/wp-json\/wp\/v2\/pages\/530\/revisions\/3380"}],"wp:attachment":[{"href":"https:\/\/brazil.vallourec.com\/en\/wp-json\/wp\/v2\/media?parent=530"}],"curies":[{"name":"wp","href":"https:\/\/api.w.org\/{rel}","templated":true}]}}